{"id":21349,"date":"2025-02-20T07:37:45","date_gmt":"2025-02-20T07:37:45","guid":{"rendered":"https:\/\/felixnogal.essedi.es\/?page_id=21349"},"modified":"2025-02-20T07:37:48","modified_gmt":"2025-02-20T07:37:48","slug":"politica-de-cookies","status":"publish","type":"page","link":"https:\/\/www.waimira.com\/en\/politica-de-cookies\/","title":{"rendered":"Cookie Policy"},"content":{"rendered":"<p>En Waimira.com utilizamos cookies para mejorar tu experiencia de navegaci\u00f3n y para ofrecerte un servicio m\u00e1s personalizado. Esta pol\u00edtica te ayudar\u00e1 a entender c\u00f3mo utilizamos las cookies en nuestro sitio web.<\/p><h2 class=\"wp-block-heading\">\u00bfQu\u00e9 son las cookies?<\/h2><p>Las cookies son peque\u00f1os archivos de texto que se almacenan en tu dispositivo (ordenador, smartphone, tablet) cuando visitas un sitio web. Las cookies nos permiten reconocer tu navegador y capturar y recordar informaci\u00f3n, como tus preferencias de usuario o los art\u00edculos que has a\u00f1adido a tu carrito de compras.<\/p><h2 class=\"wp-block-heading\">Tipos de cookies que utilizamos<\/h2><p>Dependiendo de la finalidad, las cookies que utilizamos se clasifican en los siguientes tipos:<\/p><p>Cookies publicitarias o de marketing Utilizamos estas cookies para mostrarte anuncios relevantes y personalizados, basados en tus intereses, tanto dentro de nuestro sitio como en otros sitios web. Tambi\u00e9n nos ayudan a limitar la cantidad de veces que ves un anuncio y a medir la efectividad de las campa\u00f1as publicitarias.<\/p><ol class=\"wp-block-list\"><li><strong>Cookies t\u00e9cnicas o necesarias: <\/strong>Estas cookies son esenciales para permitirte navegar por la p\u00e1gina web y utilizar sus funciones. Sin ellas, no podr\u00edas acceder a ciertas \u00e1reas o realizar funciones b\u00e1sicas, como a\u00f1adir productos al carrito de compras o finalizar una compra.<\/li>\n\n<li><strong>Cookies de preferencia:<\/strong> Estas cookies nos permiten recordar tus preferencias (como tu idioma o la regi\u00f3n en la que te encuentras) y personalizar tu experiencia en el sitio web, para que no tengas que volver a configurar estas preferencias cada vez que nos visites.<\/li>\n\n<li><strong>Cookies de an\u00e1lisis o rendimiento<\/strong>: Estas cookies nos permiten contar el n\u00famero de visitas y las fuentes de tr\u00e1fico, ayud\u00e1ndonos a medir y mejorar el rendimiento de nuestro sitio web. Esto nos permite saber qu\u00e9 p\u00e1ginas son las m\u00e1s populares y c\u00f3mo los usuarios navegan por el sitio. Toda la informaci\u00f3n que recogen estas cookies es an\u00f3nima.<\/li>\n\n<li><strong>Cookies publicitarias o de marketing:<\/strong> Utilizamos estas cookies para mostrarte anuncios relevantes y personalizados, basados en tus intereses, tanto dentro de nuestro sitio como en otros sitios web. Tambi\u00e9n nos ayudan a limitar la cantidad de veces que ves un anuncio y a medir la efectividad de las campa\u00f1as publicitarias.<\/li><\/ol><h2 class=\"wp-block-heading\">\u00bfC\u00f3mo puedes controlar las cookies?<\/h2><p>Puedes gestionar las cookies en cualquier momento a trav\u00e9s de la configuraci\u00f3n de tu navegador. Si prefieres que no se guarden cookies en tu dispositivo, puedes configurarlo para que se bloqueen o te notifiquen cada vez que se intente almacenar una cookie. Sin embargo, si bloqueas las cookies, es posible que algunas funcionalidades del sitio web no est\u00e9n disponibles, y tu experiencia de usuario puede verse afectada.<br>Los pasos para gestionar las cookies var\u00edan seg\u00fan el navegador, pero por lo general se pueden configurar en las opciones o preferencias del navegador. A continuaci\u00f3n te mostramos c\u00f3mo hacerlo en los navegadores m\u00e1s comunes:<br><strong>&#8211; Google Chrome: <\/strong>Configurar cookies en Chrome<br><strong>&#8211; Mozilla Firefox: <\/strong>Configurar cookies en Firefox<br><strong>&#8211; Safari: <\/strong>Configurar cookies en Safari<br><strong>&#8211; Microsoft Edge:<\/strong> Configurar cookies en Edge<br>Si prefieres, tambi\u00e9n puedes eliminar las cookies almacenadas en tu dispositivo en cualquier momento mediante la configuraci\u00f3n de tu navegador.<\/p><h2 class=\"wp-block-heading\">Cookies de terceros<\/h2><p>En algunos casos, tambi\u00e9n utilizamos cookies de terceros para realizar an\u00e1lisis o mostrar publicidad. Estos proveedores de servicios pueden recopilar informaci\u00f3n de manera independiente y, en algunos casos, combinada con otros datos que hayan obtenido de otras plataformas.<\/p><h2 class=\"wp-block-heading\">\u00bfQu\u00e9 pasa si desactivas las cookies?<\/h2><p>Si decides no aceptar las cookies, es posible que algunas partes de nuestra p\u00e1gina web no funcionen correctamente. Por ejemplo, no podr\u00e1s realizar compras ni acceder a ciertas \u00e1reas del sitio web de manera \u00f3ptima.<\/p><h2 class=\"wp-block-heading\">Actualizaci\u00f3n de la Pol\u00edtica de Cookies<\/h2><p>Es posible que actualicemos nuestra pol\u00edtica de cookies en funci\u00f3n de los cambios en la legislaci\u00f3n aplicable o en la forma en que usamos las cookies. Te recomendamos que revises peri\u00f3dicamente esta pol\u00edtica para estar informado sobre c\u00f3mo gestionamos las cookies.<\/p><h2 class=\"wp-block-heading\">Contact<\/h2><p>Si tienes alguna duda sobre esta Pol\u00edtica de Privacidad o sobre c\u00f3mo gestionamos tus datos personales, no dudes en contactarnos a trav\u00e9s de los siguientes medios:<br><strong>Correo electr\u00f3nico:<\/strong> [email de contacto] <br><strong>Tel\u00e9fono: <\/strong>[n\u00famero de tel\u00e9fono] <br><strong>Direcci\u00f3n:<\/strong> [Direcci\u00f3n completa]<\/p>","protected":false},"excerpt":{"rendered":"<p>En Waimira.com utilizamos cookies para mejorar tu experiencia de navegaci\u00f3n y para ofrecerte un servicio m\u00e1s personalizado. Esta pol\u00edtica te ayudar\u00e1 a entender c\u00f3mo utilizamos las cookies en nuestro sitio web. \u00bfQu\u00e9 son las cookies? Las cookies son peque\u00f1os archivos de texto que se almacenan en tu dispositivo (ordenador, smartphone, tablet) cuando visitas un sitio [&hellip;]<\/p>","protected":false},"author":1,"featured_media":0,"parent":0,"menu_order":0,"comment_status":"closed","ping_status":"open","template":"","meta":{"footnotes":""},"class_list":["post-21349","page","type-page","status-publish","hentry"],"_links":{"self":[{"href":"https:\/\/www.waimira.com\/en\/wp-json\/wp\/v2\/pages\/21349","targetHints":{"allow":["GET"]}}],"collection":[{"href":"https:\/\/www.waimira.com\/en\/wp-json\/wp\/v2\/pages"}],"about":[{"href":"https:\/\/www.waimira.com\/en\/wp-json\/wp\/v2\/types\/page"}],"author":[{"embeddable":true,"href":"https:\/\/www.waimira.com\/en\/wp-json\/wp\/v2\/users\/1"}],"replies":[{"embeddable":true,"href":"https:\/\/www.waimira.com\/en\/wp-json\/wp\/v2\/comments?post=21349"}],"version-history":[{"count":1,"href":"https:\/\/www.waimira.com\/en\/wp-json\/wp\/v2\/pages\/21349\/revisions"}],"predecessor-version":[{"id":21350,"href":"https:\/\/www.waimira.com\/en\/wp-json\/wp\/v2\/pages\/21349\/revisions\/21350"}],"wp:attachment":[{"href":"https:\/\/www.waimira.com\/en\/wp-json\/wp\/v2\/media?parent=21349"}],"curies":[{"name":"wp","href":"https:\/\/api.w.org\/{rel}","templated":true}]}}